{"id":3,"date":"2026-02-18T12:31:14","date_gmt":"2026-02-18T12:31:14","guid":{"rendered":"https:\/\/gifted-shamir.87-106-191-83.plesk.page\/?page_id=3"},"modified":"2026-03-19T12:21:13","modified_gmt":"2026-03-19T12:21:13","slug":"datenschutz","status":"publish","type":"page","link":"https:\/\/gifted-shamir.87-106-191-83.plesk.page\/?page_id=3","title":{"rendered":"Datenschutzerkl\u00e4rung"},"content":{"rendered":"\n<h3 class=\"wp-block-heading\">1. Einleitung<\/h3>\n\n\n\n<p>Mit den folgenden Informationen m\u00f6chten wir Ihnen als \u201ebetroffener Person\u201c einen \u00dcberblick \u00fcber die Verarbeitung Ihrer personenbezogenen Daten durch uns und Ihre Rechte aus den Datenschutzgesetzen geben. Eine Nutzung unserer Internetseiten ist grunds\u00e4tzlich ohne Eingabe personenbezogener Daten m\u00f6glich. Sofern Sie besondere Services unseres Unternehmens \u00fcber unsere Internetseite in Anspruch nehmen m\u00f6chten, k\u00f6nnte jedoch eine Verarbeitung personenbezogener Daten erforderlich werden. Ist die Verarbeitung personenbezogener Daten erforderlich und besteht f\u00fcr eine solche Verarbeitung keine gesetzliche Grundlage, holen wir generell eine Einwilligung von Ihnen ein.<\/p>\n\n\n\n<p>Die Verarbeitung von personenbezogenen Daten, beispielsweise Ihres Namens, der Anschrift oder E-Mail-Adresse, erfolgt stets im Einklang mit der Datenschutz-Grundverordnung (DS-GVO) und in \u00dcbereinstimmung mit den f\u00fcr die \u201emontec GmbH\u201c geltenden landesspezifischen Datenschutzbestimmungen. Mittels dieser Datenschutzerkl\u00e4rung m\u00f6chten wir Sie \u00fcber Umfang und Zweck der von uns erhobenen, genutzten und verarbeiteten personenbezogenen Daten informieren.<\/p>\n\n\n\n<p>Wir haben als f\u00fcr die Verarbeitung Verantwortliche zahlreiche technische und organisatorische Ma\u00dfnahmen umgesetzt, um einen m\u00f6glichst l\u00fcckenlosen Schutz der \u00fcber diese Internetseite verarbeiteten personenbezogenen Daten sicherzustellen. Dennoch k\u00f6nnen internetbasierte Daten\u00fcbertragungen grunds\u00e4tzlich Sicherheitsl\u00fccken aufweisen, sodass ein absoluter Schutz nicht gew\u00e4hrleistet werden kann. Aus diesem Grund steht es Ihnen frei, personenbezogene Daten auch auf alternativen Wegen, beispielsweise telefonisch oder per Post, an uns zu \u00fcbermitteln.<\/p>\n\n\n\n<h2 class=\"wp-block-heading\">2. Verantwortlicher<\/h2>\n\n\n\n<p>Verantwortlicher im Sinne der DS-GVO ist die:<\/p>\n\n\n\n<p>montec GmbH<br>Ellernweg 2, 39171 S\u00fclzetal, Deutschland<\/p>\n\n\n\n<p>Telefon: +49 (0)391 \u2013 8106627-0, Telefax: +49 (0)391 \u2013 8106627-90<\/p>\n\n\n\n<p>E-Mail:&nbsp;<a href=\"mailto:info@montec-bruecken.de\">info@montec-bruecken.de<\/a><\/p>\n\n\n\n<p>Verantwortliche\/r i.S.d. \u00a7 18 Abs. 2 MStV:<br>Martin Butzlaff, Ellernweg 2, 39171 S\u00fclzetal<\/p>\n\n\n\n<h2 class=\"wp-block-heading\">3. Datenschutzbeauftragter<\/h2>\n\n\n\n<p>Den Datenschutzbeauftragten erreichen Sie wie folgt:<\/p>\n\n\n\n<p>CL Datenschutz GmbH<br>Christian Leuschner ext. Datenschutzbeauftragter (T\u00dcV)<br>Steinfeldstr. 2a<br>39179 Barleben<\/p>\n\n\n\n<p>Telefon: 0160 97987243, E-Mail:&nbsp;<a href=\"mailto:datenschutz@montec-bruecken.de\">datenschutz@montec-bruecken.de<\/a><\/p>\n\n\n\n<p>Sie k\u00f6nnen sich jederzeit bei allen Fragen und Anregungen zum Datenschutz direkt an unseren Datenschutzbeauftragten wenden.<\/p>\n\n\n\n<h2 class=\"wp-block-heading\">4. Begriffsbestimmungen<\/h2>\n\n\n\n<p>Die Datenschutzerkl\u00e4rung beruht auf den Begrifflichkeiten, die durch den Europ\u00e4ischen Richtlinien- und Verordnungsgeber beim Erlass der Datenschutz-Grundverordnung (DS-GVO) verwendet wurden. Unsere Datenschutzerkl\u00e4rung soll sowohl f\u00fcr die \u00d6ffentlichkeit als auch f\u00fcr unsere Kunden und Gesch\u00e4ftspartner einfach lesbar und verst\u00e4ndlich sein. Um dies zu gew\u00e4hrleisten, m\u00f6chten wir vorab die verwendeten Begrifflichkeiten erl\u00e4utern.<\/p>\n\n\n\n<p>Wir verwenden in dieser Datenschutzerkl\u00e4rung unter anderem die folgenden Begriffe:<\/p>\n\n\n\n<ol style=\"list-style-type:lower-alpha\" class=\"wp-block-list\">\n<li><strong>Personenbezogene Daten<\/strong><br>Personenbezogene Daten sind alle Informationen, die sich auf eine identifizierte oder identifizierbare nat\u00fcrliche Person beziehen. Als identifizierbar wird eine nat\u00fcrliche Person angesehen, die direkt oder indirekt, insbesondere mittels Zuordnung zu einer Kennung wie einem Namen, zu einer Kennnummer, zu Standortdaten, zu einer Online-Kennung oder zu einem oder mehreren besonderen Merkmalen, die Ausdruck der physischen, physiologischen, genetischen, psychischen, wirtschaftlichen, kulturellen oder sozialen Identit\u00e4t dieser nat\u00fcrlichen Person sind, identifiziert werden kann.<\/li>\n\n\n\n<li><strong>Betroffene Person<\/strong><br>Betroffene Person ist jede identifizierte oder identifizierbare nat\u00fcrliche Person, deren personenbezogene Daten von dem f\u00fcr die Verarbeitung Verantwortlichen (unser Unternehmen) verarbeitet werden.<\/li>\n\n\n\n<li><strong>Verarbeitung<\/strong><br>Verarbeitung ist jeder mit oder ohne Hilfe automatisierter Verfahren ausgef\u00fchrte Vorgang oder jede solche Vorgangsreihe im Zusammenhang mit personenbezogenen Daten wie das Erheben, das Erfassen, die Organisation, das Ordnen, die Speicherung, die Anpassung oder Ver\u00e4nderung, das Auslesen, das Abfragen, die Verwendung, die Offenlegung durch \u00dcbermittlung, Verbreitung oder eine andere Form der Bereitstellung, den Abgleich oder die Verkn\u00fcpfung, die Einschr\u00e4nkung, das L\u00f6schen oder die Vernichtung.<\/li>\n\n\n\n<li><strong>Einschr\u00e4nkung der Verarbeitung<\/strong><br>Einschr\u00e4nkung der Verarbeitung ist die Markierung gespeicherter personenbezogener Daten mit dem Ziel, ihre k\u00fcnftige Verarbeitung einzuschr\u00e4nken.<\/li>\n\n\n\n<li><strong>Profiling<\/strong><br>Profiling ist jede Art der automatisierten Verarbeitung personenbezogener Daten, die darin besteht, dass diese personenbezogenen Daten verwendet werden, um bestimmte pers\u00f6nliche Aspekte, die sich auf eine nat\u00fcrliche Person beziehen, zu bewerten, insbesondere, um Aspekte bez\u00fcglich Arbeitsleistung, wirtschaftlicher Lage, Gesundheit, pers\u00f6nlicher Vorlieben, Interessen, Zuverl\u00e4ssigkeit, Verhalten, Aufenthaltsort oder Ortswechsel dieser nat\u00fcrlichen Person zu analysieren oder vorherzusagen.<\/li>\n\n\n\n<li><strong>Pseudonymisierung<\/strong><br>Pseudonymisierung ist die Verarbeitung personenbezogener Daten in einer Weise, auf welche die personenbezogenen Daten ohne Hinzuziehung zus\u00e4tzlicher Informationen nicht mehr einer spezifischen betroffenen Person zugeordnet werden k\u00f6nnen, sofern diese zus\u00e4tzlichen Informationen gesondert aufbewahrt werden und technischen und organisatorischen Ma\u00dfnahmen unterliegen, die gew\u00e4hrleisten, dass die personenbezogenen Daten nicht einer identifizierten oder identifizierbaren nat\u00fcrlichen Person zugewiesen werden.<\/li>\n\n\n\n<li><strong>Auftragsverarbeiter<\/strong><br>Auftragsverarbeiter ist eine nat\u00fcrliche oder juristische Person, Beh\u00f6rde, Einrichtung oder andere Stelle, die personenbezogene Daten im Auftrag des Verantwortlichen verarbeitet.<\/li>\n\n\n\n<li><strong>Empf\u00e4nger<\/strong><br>Empf\u00e4nger ist eine nat\u00fcrliche oder juristische Person, Beh\u00f6rde, Einrichtung oder andere Stelle, der personenbezogene Daten offengelegt werden, unabh\u00e4ngig davon, ob es sich bei ihr um einen Dritten handelt oder nicht. Beh\u00f6rden, die im Rahmen eines bestimmten Untersuchungsauftrags nach dem Unionsrecht oder dem Recht der Mitgliedstaaten m\u00f6glicherweise personenbezogene Daten erhalten, gelten jedoch nicht als Empf\u00e4nger.<\/li>\n\n\n\n<li><strong>Dritter<\/strong><br>Dritter ist eine nat\u00fcrliche oder juristische Person, Beh\u00f6rde, Einrichtung oder andere Stelle au\u00dfer der betroffenen Person, dem Verantwortlichen, dem Auftragsverarbeiter und den Personen, die unter der unmittelbaren Verantwortung des Verantwortlichen oder des Auftragsverarbeiters befugt sind, die personenbezogenen Daten zu verarbeiten.<\/li>\n\n\n\n<li><strong>Einwilligung<\/strong><br>Einwilligung ist jede von der betroffenen Person freiwillig f\u00fcr den bestimmten Fall in informierter Weise und unmissverst\u00e4ndlich abgegebene Willensbekundung in Form einer Erkl\u00e4rung oder einer sonstigen eindeutigen best\u00e4tigenden Handlung, mit der die betroffene Person zu verstehen gibt, dass Sie mit der Verarbeitung der Sie betreffenden personenbezogenen Daten einverstanden ist.<\/li>\n<\/ol>\n\n\n\n<h2 class=\"wp-block-heading\">5. Rechtsgrundlage der Verarbeitung<\/h2>\n\n\n\n<p>Art. 6 Abs. 1 lit. a DS-GVO (i.V.m. \u00a7 15 Abs. 3 TMG) dient unserem Unternehmen als Rechtsgrundlage f\u00fcr Verarbeitungsvorg\u00e4nge, bei denen wir eine Einwilligung f\u00fcr einen bestimmten Verarbeitungszweck einholen.<\/p>\n\n\n\n<p>Ist die Verarbeitung personenbezogener Daten zur Erf\u00fcllung eines Vertrags, dessen Vertragspartei Sie sind, erforderlich, wie dies beispielsweise bei Verarbeitungsvorg\u00e4ngen der Fall ist, die f\u00fcr eine Lieferung von Waren oder die Erbringung einer sonstigen Leistung oder Gegenleistung notwendig sind, so beruht die Verarbeitung auf Art. 6 Abs. 1 lit. b DS-GVO. Gleiches gilt f\u00fcr solche Verarbeitungsvorg\u00e4nge die zur Durchf\u00fchrung vorvertraglicher Ma\u00dfnahmen erforderlich sind, etwa in F\u00e4llen von Anfragen zu unseren Produkten oder Leistungen.<\/p>\n\n\n\n<p>Unterliegt unser Unternehmen einer rechtlichen Verpflichtung durch welche eine Verarbeitung von personenbezogenen Daten erforderlich wird, wie beispielsweise zur Erf\u00fcllung steuerlicher Pflichten, so basiert die Verarbeitung auf Art. 6 Abs. 1 lit. c DS-GVO.<\/p>\n\n\n\n<p>In seltenen F\u00e4llen k\u00f6nnte die Verarbeitung von personenbezogenen Daten erforderlich werden, um lebenswichtige Interessen der betroffenen Person oder einer anderen nat\u00fcrlichen Person zu sch\u00fctzen. Dies w\u00e4re beispielsweise der Fall, wenn ein Besucher in unserem Betrieb verletzt werden w\u00fcrde und daraufhin sein Name, sein Alter, seine Krankenkassendaten oder sonstige lebenswichtige Informationen an einen Arzt, ein Krankenhaus oder sonstige Dritte weitergegeben werden m\u00fcssten. Dann w\u00fcrde die Verarbeitung auf Art. 6 Abs. 1 lit. d DS-GVO beruhen.<\/p>\n\n\n\n<p>Letztlich k\u00f6nnten Verarbeitungsvorg\u00e4nge auf Art. 6 Abs. 1 lit. f DS-GVO beruhen. Auf dieser Rechtsgrundlage basieren Verarbeitungsvorg\u00e4nge, die von keiner der vorgenannten Rechtsgrundlagen erfasst werden, wenn die Verarbeitung zur Wahrung eines berechtigten Interesses unseres Unternehmens oder eines Dritten erforderlich ist, sofern die Interessen, Grundrechte und Grundfreiheiten des Betroffenen nicht \u00fcberwiegen. Solche Verarbeitungsvorg\u00e4nge sind uns insbesondere deshalb gestattet, weil sie durch den Europ\u00e4ischen Gesetzgeber besonders erw\u00e4hnt wurden. Er vertrat insoweit die Auffassung, dass ein berechtigtes Interesse anzunehmen sein k\u00f6nnte, wenn Sie ein Kunde unseres Unternehmens sind (Erw\u00e4gungsgrund 47 Satz 2 DS-GVO).<\/p>\n\n\n\n<h2 class=\"wp-block-heading\">6. Technik<\/h2>\n\n\n\n<h3 class=\"wp-block-heading\">6.1 SSL\/TLS-Verschl\u00fcsselung<\/h3>\n\n\n\n<p>Diese Seite nutzt zur&nbsp;<strong>Gew\u00e4hrleistung<\/strong>&nbsp;der Sicherheit der Datenverarbeitung und zum Schutz der \u00dcbertragung vertraulicher Inhalte, wie zum Beispiel Bestellungen, Login-Daten oder Kontaktanfragen, die Sie an uns als Betreiber senden, eine SSL-bzw. TLS-Verschl\u00fcsselung. Eine verschl\u00fcsselte Verbindung erkennen Sie daran, dass in der Adresszeile des Browsers statt einem \u201ehttp:\/\/\u201c ein \u201ehttps:\/\/\u201c steht und an dem Schloss-Symbol in Ihrer Browserzeile.<\/p>\n\n\n\n<p>Wir setzen diese Technologie ein, um Ihre \u00fcbermittelten Daten zu sch\u00fctzen.<\/p>\n\n\n\n<h2 class=\"wp-block-heading\">7. Inhalte unserer Internetseite<\/h2>\n\n\n\n<h3 class=\"wp-block-heading\">7.1 Kontaktaufnahme \/ Kontaktformular<\/h3>\n\n\n\n<p>Im Rahmen der Kontaktaufnahme mit uns (z.B. per Kontaktformular oder E-Mail) werden personenbezogene Daten erhoben. Welche Daten im Falle eines Kontaktformulars erhoben werden, ist aus dem jeweiligen Kontaktformular ersichtlich. Diese Daten werden ausschlie\u00dflich zum Zweck der Beantwortung Ihres Anliegens bzw. f\u00fcr die Kontaktaufnahme und die damit verbundene technische Administration gespeichert und verwendet. Rechtsgrundlage f\u00fcr die Verarbeitung der Daten ist unser berechtigtes Interesse an der Beantwortung Ihres Anliegens gem\u00e4\u00df Art. 6 Abs. 1 lit. f DS-GVO. Zielt Ihre Kontaktierung auf den Abschluss eines Vertrages ab, so ist zus\u00e4tzliche Rechtsgrundlage f\u00fcr die Verarbeitung Art. 6 Abs. 1 lit. b DS-GVO. Ihre Daten werden nach abschlie\u00dfender Bearbeitung Ihrer Anfrage gel\u00f6scht, dies ist der Fall, wenn sich aus den Umst\u00e4nden entnehmen l\u00e4sst, dass der betroffene Sachverhalt abschlie\u00dfend gekl\u00e4rt ist und sofern keine gesetzlichen Aufbewahrungspflichten entgegenstehen.<\/p>\n\n\n\n<h3 class=\"wp-block-heading\">7.2 Kommentarfunktion Blog<\/h3>\n\n\n\n<p>Wir bieten den Nutzern auf einem Blog, der sich auf unserer Website befindet, die M\u00f6glichkeit, individuelle Kommentare zu einzelnen Blog-Beitr\u00e4gen zu hinterlassen. Ein Blog ist ein auf einer Internetseite gef\u00fchrtes, in der Regel \u00f6ffentlich einsehbares Portal, in welchem eine oder mehrere Personen, die Blogger oder Web-Blogger genannt werden, Artikel posten oder Gedanken in sogenannten Blogposts niederschreiben k\u00f6nnen. Die Blogposts k\u00f6nnen in der Regel von Dritten kommentiert werden.<\/p>\n\n\n\n<p>Hinterlassen Sie einen Kommentar in dem auf dieser Website ver\u00f6ffentlichten Blog, werden neben Ihren hinterlassenen Kommentaren auch Angaben zum Zeitpunkt der Kommentareingabe sowie der gew\u00e4hlte Nutzername (Pseudonym) gespeichert und ver\u00f6ffentlicht. Ferner wird die von Ihrem Internet-Service-Provider (ISP) vergebene IP-Adresse mitprotokolliert. Diese Speicherung der IP-Adresse erfolgt aus Sicherheitsgr\u00fcnden und f\u00fcr den Fall, dass Sie durch einen abgegebenen Kommentar die Rechte Dritter verletzt oder rechtswidrige Inhalte gepostet haben. Die Speicherung dieser personenbezogenen Daten erfolgt daher in unserem eigenen Interesse, damit wir uns im Falle einer Rechtsverletzung exkulpieren k\u00f6nnen. Dies stellt ein berechtigtes Interesse im Sinne von Art. 6 Abs. 1 lit. f DS-GVO dar.Es erfolgt keine Weitergabe dieser erhobenen personenbezogenen Daten an Dritte, sofern eine solche Weitergabe nicht gesetzlich vorgeschrieben ist oder unserer Rechtsverteidigung dient.<\/p>\n\n\n\n<h3 class=\"wp-block-heading\">7.3 Bewerbungsmanagement \/ Stellenb\u00f6rse<\/h3>\n\n\n\n<p>Wir erheben und verarbeiten die personenbezogenen Daten von Bewerbern zum Zwecke der Abwicklung des Bewerbungsverfahrens. Die Verarbeitung kann auch auf elektronischem Wege erfolgen. Dies ist insbesondere dann der Fall, wenn ein Bewerber entsprechende Bewerbungsunterlagen auf dem elektronischen Wege, beispielsweise per E-Mail oder \u00fcber ein auf der Website befindliches Webformular, an uns \u00fcbermittelt. Schlie\u00dfen wir einen Anstellungsvertrag mit einem Bewerber, werden die \u00fcbermittelten Daten zum Zwecke der Abwicklung des Besch\u00e4ftigungsverh\u00e4ltnisses unter Beachtung der gesetzlichen Vorschriften gespeichert. Wird von uns kein Anstellungsvertrag mit dem Bewerber geschlossen, so werden die Bewerbungsunterlagen zwei Monate nach Bekanntgabe der Absageentscheidung automatisch gel\u00f6scht, sofern einer L\u00f6schung keine sonstigen berechtigten Interessen unsererseits entgegenstehen. Sonstiges berechtigtes Interesse in diesem Sinne ist beispielsweise eine Beweispflicht in einem Verfahren nach dem Allgemeinen Gleichbehandlungsgesetz (AGG).<\/p>\n\n\n\n<p>Die Rechtsgrundlage der Verarbeitung Ihrer Daten ist Art. 88 DS-GVO i.V.m. \u00a7 26 Abs. 1 BDSG.<\/p>\n\n\n\n<h2 class=\"wp-block-heading\">8. Ihre Rechte als betroffene Person<\/h2>\n\n\n\n<h3 class=\"wp-block-heading\">8.1 Recht auf Best\u00e4tigung<\/h3>\n\n\n\n<p>Sie haben das Recht, von uns eine Best\u00e4tigung dar\u00fcber zu verlangen, ob Sie betreffende personenbezogene Daten verarbeitet werden.<\/p>\n\n\n\n<h3 class=\"wp-block-heading\">8.2 Recht auf Auskunft Art. 15 DS-GVO<\/h3>\n\n\n\n<p>Sie haben das Recht, jederzeit von uns unentgeltliche Auskunft \u00fcber die zu Ihrer Person gespeicherten personenbezogenen Daten sowie eine Kopie dieser Daten nach Ma\u00dfgabe der gesetzlichen Bestimmungen zu erhalten.<\/p>\n\n\n\n<h3 class=\"wp-block-heading\">8.3 Recht auf Berichtigung Art. 16 DS-GVO<\/h3>\n\n\n\n<p>Sie haben das Recht, die Berichtigung Sie betreffender unrichtiger personenbezogener Daten zu verlangen. Ferner steht Ihnen das Recht zu, unter Ber\u00fccksichtigung der Zwecke der Verarbeitung, die Vervollst\u00e4ndigung unvollst\u00e4ndiger personenbezogener Daten zu verlangen.<\/p>\n\n\n\n<h3 class=\"wp-block-heading\">8.4 L\u00f6schung Art. 17 DS-GVO<\/h3>\n\n\n\n<p>Sie haben das Recht, von uns zu verlangen, dass die Sie betreffenden personenbezogenen Daten unverz\u00fcglich gel\u00f6scht werden, sofern einer der gesetzlich vorgesehenen Gr\u00fcnde zutrifft und soweit die Verarbeitung bzw. Speicherung nicht erforderlich ist.<\/p>\n\n\n\n<h3 class=\"wp-block-heading\">8.5 Einschr\u00e4nkung der Verarbeitung Art. 18 DS-GVO<\/h3>\n\n\n\n<p>Sie haben das Recht, von uns die Einschr\u00e4nkung der Verarbeitung zu verlangen, wenn eine der gesetzlichen Voraussetzungen gegeben ist.<\/p>\n\n\n\n<h3 class=\"wp-block-heading\">8.6 Daten\u00fcbertragbarkeit Art. 20 DS-GVO<\/h3>\n\n\n\n<p>Sie haben das Recht, die Sie betreffenden personenbezogenen Daten, welche uns durch Sie bereitgestellt wurden, in einem strukturierten, g\u00e4ngigen und maschinenlesbaren Format zu erhalten. Sie haben au\u00dferdem das Recht, diese Daten einem anderen Verantwortlichen ohne Behinderung durch uns, dem die personenbezogenen Daten bereitgestellt wurden, zu \u00fcbermitteln, sofern die Verarbeitung auf der Einwilligung gem\u00e4\u00df Art. 6 Abs. 1 lit. a DS-GVO oder Art. 9 Abs. 2 lit. a DS-GVO oder auf einem Vertrag gem\u00e4\u00df Art. 6 Abs. 1 lit. b DS-GVO beruht und die Verarbeitung mithilfe automatisierter Verfahren erfolgt, sofern die Verarbeitung nicht f\u00fcr die Wahrnehmung einer Aufgabe erforderlich ist, die im \u00f6ffentlichen Interesse liegt oder in Aus\u00fcbung \u00f6ffentlicher Gewalt erfolgt, welche uns \u00fcbertragen wurde.<\/p>\n\n\n\n<p>Ferner haben Sie bei der Aus\u00fcbung Ihres Rechts auf Daten\u00fcbertragbarkeit gem\u00e4\u00df Art. 20 Abs. 1 DS-GVO das Recht, zu erwirken, dass die personenbezogenen Daten direkt von einem Verantwortlichen an einen anderen Verantwortlichen \u00fcbermittelt werden, soweit dies technisch machbar ist und sofern hiervon nicht die Rechte und Freiheiten anderer Personen beeintr\u00e4chtigt werden.<\/p>\n\n\n\n<h3 class=\"wp-block-heading\">8.7 Widerspruch Art. 21 DS-GVO<\/h3>\n\n\n\n<p>Sie haben das Recht, aus Gr\u00fcnden, die sich aus Ihrer besonderen Situation ergeben, jederzeit gegen die Verarbeitung Sie betreffender personenbezogener Daten, die aufgrund von Art. 6 Abs. 1 lit. e (Datenverarbeitung im \u00f6ffentlichen Interesse) oder f (Datenverarbeitung auf Grundlage einer Interessenabw\u00e4gung) DS-GVO erfolgt, Widerspruch einzulegen.<\/p>\n\n\n\n<p>Dies gilt auch f\u00fcr ein auf diese Bestimmungen gest\u00fctztes Profiling im Sinne von Art. 4 Nr. 4 DS-GVO.<\/p>\n\n\n\n<p>Legen Sie Widerspruch ein, werden wir Ihre personenbezogenen Daten nicht mehr verarbeiten, es sei denn, wir k\u00f6nnen zwingende berechtigte Gr\u00fcnde f\u00fcr die Verarbeitung nachweisen, die Ihre Interessen, Rechte und Freiheiten \u00fcberwiegen, oder die Verarbeitung dient der Geltendmachung, Aus\u00fcbung oder Verteidigung von Rechtsanspr\u00fcchen.<\/p>\n\n\n\n<p>In Einzelf\u00e4llen verarbeiten wir personenbezogene Daten, um Direktwerbung zu betreiben. Sie k\u00f6nnen jederzeit Widerspruch gegen die Verarbeitung der personenbezogenen Daten zum Zwecke derartiger Werbung einlegen. Dies gilt auch f\u00fcr das Profiling, soweit es mit solcher Direktwerbung in Verbindung steht. Widersprechen Sie gegen\u00fcber uns der Verarbeitung f\u00fcr Zwecke der Direktwerbung, so werden wir die personenbezogenen Daten nicht mehr f\u00fcr diese Zwecke verarbeiten.<\/p>\n\n\n\n<p>Zudem haben Sie das Recht, aus Gr\u00fcnden, die sich aus Ihrer besonderen Situation ergeben, gegen die Sie betreffende Verarbeitung personenbezogener Daten, die bei uns zu wissenschaftlichen oder historischen Forschungszwecken oder zu statistischen Zwecken gem\u00e4\u00df Art. 89 Abs. 1 DS-GVO erfolgen, Widerspruch einzulegen, es sei denn, eine solche Verarbeitung ist zur Erf\u00fcllung einer im \u00f6ffentlichen Interesse liegenden Aufgabe erforderlich.<\/p>\n\n\n\n<p>Ihnen steht es frei, im Zusammenhang mit der Nutzung von Diensten der Informationsgesellschaft, ungeachtet der Richtlinie 2002\/58\/EG, Ihr Widerspruchsrecht mittels automatisierter Verfahren auszu\u00fcben, bei denen technische Spezifikationen verwendet werden.<\/p>\n\n\n\n<h3 class=\"wp-block-heading\">8.8 Widerruf einer datenschutzrechtlichen Einwilligung<\/h3>\n\n\n\n<p>Sie haben das Recht, eine Einwilligung zur Verarbeitung personenbezogener Daten jederzeit mit Wirkung f\u00fcr die Zukunft zu widerrufen.<\/p>\n\n\n\n<h3 class=\"wp-block-heading\">8.9 Beschwerde bei einer Aufsichtsbeh\u00f6rde<\/h3>\n\n\n\n<p>Sie haben das Recht, sich bei einer f\u00fcr Datenschutz zust\u00e4ndigen Aufsichtsbeh\u00f6rde \u00fcber unsere Verarbeitung personenbezogener Daten zu beschweren.<\/p>\n\n\n\n<h2 class=\"wp-block-heading\">9. Aktualit\u00e4t und \u00c4nderung der Datenschutzerkl\u00e4rung<\/h2>\n\n\n\n<p>Diese Datenschutzerkl\u00e4rung ist aktuell g\u00fcltig und hat den Stand: September 2021.<\/p>\n\n\n\n<p>Durch die Weiterentwicklung unserer Internetseiten und Angebote oder aufgrund ge\u00e4nderter gesetzlicher beziehungsweise beh\u00f6rdlicher Vorgaben kann es notwendig werden, diese Datenschutzerkl\u00e4rung zu \u00e4ndern. Die jeweils aktuelle Datenschutzerkl\u00e4rung kann jederzeit auf der Website unter \u201e<a href=\"https:\/\/www.montec-bruecken.de\/datenschutz\/\">https:\/\/www.montec-bruecken.de\/datenschutz\/<\/a>&nbsp;von Ihnen abgerufen und ausgedruckt werden.<\/p>\n","protected":false},"excerpt":{"rendered":"<p>1. Einleitung Mit den folgenden Informationen m\u00f6chten wir Ihnen als \u201ebetroffener Person\u201c einen \u00dcberblick \u00fcber die Verarbeitung Ihrer personenbezogenen Daten durch uns und Ihre Rechte aus den Datenschutzgesetzen geben. Eine Nutzung unserer Internetseiten ist grunds\u00e4tzlich ohne Eingabe personenbezogener Daten m\u00f6glich. Sofern Sie besondere Services unseres Unternehmens \u00fcber unsere Internetseite in Anspruch nehmen m\u00f6chten, k\u00f6nnte jedoch [&hellip;]<\/p>\n","protected":false},"author":1,"featured_media":0,"parent":0,"menu_order":0,"comment_status":"closed","ping_status":"closed","template":"","meta":{"ocean_post_layout":"","ocean_both_sidebars_style":"","ocean_both_sidebars_content_width":0,"ocean_both_sidebars_sidebars_width":0,"ocean_sidebar":"","ocean_second_sidebar":"","ocean_disable_margins":"enable","ocean_add_body_class":"","ocean_shortcode_before_top_bar":"","ocean_shortcode_after_top_bar":"","ocean_shortcode_before_header":"","ocean_shortcode_after_header":"","ocean_has_shortcode":"","ocean_shortcode_after_title":"","ocean_shortcode_before_footer_widgets":"","ocean_shortcode_after_footer_widgets":"","ocean_shortcode_before_footer_bottom":"","ocean_shortcode_after_footer_bottom":"","ocean_display_top_bar":"default","ocean_display_header":"default","ocean_header_style":"","ocean_center_header_left_menu":"","ocean_custom_header_template":"","ocean_custom_logo":0,"ocean_custom_retina_logo":0,"ocean_custom_logo_max_width":0,"ocean_custom_logo_tablet_max_width":0,"ocean_custom_logo_mobile_max_width":0,"ocean_custom_logo_max_height":0,"ocean_custom_logo_tablet_max_height":0,"ocean_custom_logo_mobile_max_height":0,"ocean_header_custom_menu":"","ocean_menu_typo_font_family":"","ocean_menu_typo_font_subset":"","ocean_menu_typo_font_size":0,"ocean_menu_typo_font_size_tablet":0,"ocean_menu_typo_font_size_mobile":0,"ocean_menu_typo_font_size_unit":"px","ocean_menu_typo_font_weight":"","ocean_menu_typo_font_weight_tablet":"","ocean_menu_typo_font_weight_mobile":"","ocean_menu_typo_transform":"","ocean_menu_typo_transform_tablet":"","ocean_menu_typo_transform_mobile":"","ocean_menu_typo_line_height":0,"ocean_menu_typo_line_height_tablet":0,"ocean_menu_typo_line_height_mobile":0,"ocean_menu_typo_line_height_unit":"","ocean_menu_typo_spacing":0,"ocean_menu_typo_spacing_tablet":0,"ocean_menu_typo_spacing_mobile":0,"ocean_menu_typo_spacing_unit":"","ocean_menu_link_color":"","ocean_menu_link_color_hover":"","ocean_menu_link_color_active":"","ocean_menu_link_background":"","ocean_menu_link_hover_background":"","ocean_menu_link_active_background":"","ocean_menu_social_links_bg":"","ocean_menu_social_hover_links_bg":"","ocean_menu_social_links_color":"","ocean_menu_social_hover_links_color":"","ocean_disable_title":"default","ocean_disable_heading":"default","ocean_post_title":"","ocean_post_subheading":"","ocean_post_title_style":"","ocean_post_title_background_color":"","ocean_post_title_background":0,"ocean_post_title_bg_image_position":"","ocean_post_title_bg_image_attachment":"","ocean_post_title_bg_image_repeat":"","ocean_post_title_bg_image_size":"","ocean_post_title_height":0,"ocean_post_title_bg_overlay":0.5,"ocean_post_title_bg_overlay_color":"","ocean_disable_breadcrumbs":"default","ocean_breadcrumbs_color":"","ocean_breadcrumbs_separator_color":"","ocean_breadcrumbs_links_color":"","ocean_breadcrumbs_links_hover_color":"","ocean_display_footer_widgets":"default","ocean_display_footer_bottom":"default","ocean_custom_footer_template":"","footnotes":""},"class_list":["post-3","page","type-page","status-publish","hentry","entry"],"_links":{"self":[{"href":"https:\/\/gifted-shamir.87-106-191-83.plesk.page\/index.php?rest_route=\/wp\/v2\/pages\/3","targetHints":{"allow":["GET"]}}],"collection":[{"href":"https:\/\/gifted-shamir.87-106-191-83.plesk.page\/index.php?rest_route=\/wp\/v2\/pages"}],"about":[{"href":"https:\/\/gifted-shamir.87-106-191-83.plesk.page\/index.php?rest_route=\/wp\/v2\/types\/page"}],"author":[{"embeddable":true,"href":"https:\/\/gifted-shamir.87-106-191-83.plesk.page\/index.php?rest_route=\/wp\/v2\/users\/1"}],"replies":[{"embeddable":true,"href":"https:\/\/gifted-shamir.87-106-191-83.plesk.page\/index.php?rest_route=%2Fwp%2Fv2%2Fcomments&post=3"}],"version-history":[{"count":2,"href":"https:\/\/gifted-shamir.87-106-191-83.plesk.page\/index.php?rest_route=\/wp\/v2\/pages\/3\/revisions"}],"predecessor-version":[{"id":25,"href":"https:\/\/gifted-shamir.87-106-191-83.plesk.page\/index.php?rest_route=\/wp\/v2\/pages\/3\/revisions\/25"}],"wp:attachment":[{"href":"https:\/\/gifted-shamir.87-106-191-83.plesk.page\/index.php?rest_route=%2Fwp%2Fv2%2Fmedia&parent=3"}],"curies":[{"name":"wp","href":"https:\/\/api.w.org\/{rel}","templated":true}]}}